{"id":191,"date":"2026-03-28T22:19:05","date_gmt":"2026-03-28T22:19:05","guid":{"rendered":"https:\/\/palleba.wpextremezone.online\/?page_id=191"},"modified":"2026-04-24T22:41:13","modified_gmt":"2026-04-24T22:41:13","slug":"191-2","status":"publish","type":"page","link":"https:\/\/palleba.wpextremezone.online\/fo\/invest-in-real-money\/191-2\/","title":{"rendered":"Taxes"},"content":{"rendered":"<div class=\"wp-block-group alignfull is-style-ext-preset--group--natural-1--section ext-animate--on has-background-color has-background-background-color has-text-color has-background has-link-color wp-elements-9bb772704924ced2268e8b790034a8e9 has-global-padding is-layout-constrained wp-container-core-group-is-layout-e955bbaf wp-block-group-is-layout-constrained is-style-ext-preset--group--natural-1--section--1\" style=\"margin-top:0;margin-bottom:0;padding-top:var(--wp--preset--spacing--70);padding-bottom:var(--wp--preset--spacing--70);background-image:url(&apos;https:\/\/palleba.wpextremezone.online\/wp-content\/uploads\/2026\/03\/ChatGPT-Image-Mar-29-2026-03_18_58-PM-9.png&apos;);background-position:50% 100%;background-size:auto;background-attachment:scroll;\">\n<h2 class=\"wp-block-heading has-text-align-center ext-animate--on\">Crypto Tax Support<\/h2>\n\n\n\n<div class=\"wp-block-cover alignwide is-style-ext-preset--cover--natural-1--cover-overlay-1 extendify-image-import ext-animate--on is-style-ext-preset--cover--natural-1--cover-overlay-1--2\" style=\"border-top-left-radius:15px;border-top-right-radius:15px;border-bottom-left-radius:15px;border-bottom-right-radius:15px;padding-top:var(--wp--preset--spacing--50);padding-right:var(--wp--preset--spacing--30);padding-bottom:var(--wp--preset--spacing--50);padding-left:var(--wp--preset--spacing--30)\"><img loading=\"lazy\" decoding=\"async\" width=\"1024\" height=\"683\" class=\"wp-block-cover__image-background wp-image-665 size-large\" alt=\"\" src=\"https:\/\/palleba.wpextremezone.online\/wp-content\/uploads\/2026\/04\/image-25-1024x683.png\" data-object-fit=\"cover\" srcset=\"https:\/\/palleba.wpextremezone.online\/wp-content\/uploads\/2026\/04\/image-25-1024x683.png 1024w, https:\/\/palleba.wpextremezone.online\/wp-content\/uploads\/2026\/04\/image-25-600x400.png 600w, https:\/\/palleba.wpextremezone.online\/wp-content\/uploads\/2026\/04\/image-25-300x200.png 300w, https:\/\/palleba.wpextremezone.online\/wp-content\/uploads\/2026\/04\/image-25-768x512.png 768w, https:\/\/palleba.wpextremezone.online\/wp-content\/uploads\/2026\/04\/image-25-18x12.png 18w, https:\/\/palleba.wpextremezone.online\/wp-content\/uploads\/2026\/04\/image-25.png 1350w\" sizes=\"auto, (max-width: 1024px) 100vw, 1024px\" \/><span aria-hidden=\"true\" class=\"wp-block-cover__background has-background-dim-40 has-background-dim\" style=\"background-color:#010101\"><\/span><div class=\"wp-block-cover__inner-container has-global-padding is-layout-constrained wp-container-core-cover-is-layout-1c074333 wp-block-cover-is-layout-constrained\">\n<div class=\"wp-block-group alignwide ext-animate--on has-global-padding is-layout-constrained wp-container-core-group-is-layout-f3b35183 wp-block-group-is-layout-constrained\" style=\"padding-top:0;padding-right:0;padding-bottom:0;padding-left:0\">\n<h2 class=\"wp-block-heading has-text-align-center ext-animate--on has-background-color has-text-color has-link-color has-x-large-font-size wp-elements-df8770aeb2cde27119b6a3fd337d409a\" style=\"margin-bottom:24px\">Tax Service (1000kr)<\/h2>\n\n\n\n<p class=\"has-text-align-center ext-animate--on has-background-color has-text-color has-link-color wp-elements-d8366000ccbf5487ffba278fc6331855\" style=\"font-size:clamp(14px, 0.875rem + ((1vw - 3.2px) * 0.417), 18px);\">Eg taki m\u00e6r av skattavi\u00f0urskiftum vi\u00f0v. crypto fyri teg<\/p>\n\n\n\n<div class=\"wp-block-buttons ext-animate--on is-content-justification-center is-layout-flex wp-container-core-buttons-is-layout-a89b3969 wp-block-buttons-is-layout-flex\">\n<div class=\"wp-block-button ext-animate--on\"><a class=\"wp-block-button__link wp-element-button\" href=\"https:\/\/palleba.wpextremezone.online\/fo\/checkout\/\"><mark style=\"background-color:rgba(0, 0, 0, 0)\" class=\"has-inline-color has-background-color\">Add to basket<\/mark><\/a><\/div>\n<\/div>\n<\/div>\n<\/div><\/div>\n\n\n\n<div class=\"wp-block-columns ext-animate--on is-layout-flex wp-container-core-columns-is-layout-28f84493 wp-block-columns-is-layout-flex\">\n<div class=\"wp-block-column ext-animate--on is-layout-flow wp-block-column-is-layout-flow\">\n<div class=\"wp-block-group is-style-ext-preset--group--natural-1--item-card-1--align-center ext-animate--on has-global-padding is-layout-constrained wp-block-group-is-layout-constrained is-style-ext-preset--group--natural-1--item-card-1--align-center--3\">\n<figure class=\"wp-block-image size-full ext-animate--on\"><img loading=\"lazy\" decoding=\"async\" width=\"1000\" height=\"562\" src=\"https:\/\/palleba.wpextremezone.online\/wp-content\/uploads\/2026\/04\/image-26.png\" alt=\"\" class=\"wp-image-670\" srcset=\"https:\/\/palleba.wpextremezone.online\/wp-content\/uploads\/2026\/04\/image-26.png 1000w, https:\/\/palleba.wpextremezone.online\/wp-content\/uploads\/2026\/04\/image-26-600x337.png 600w, https:\/\/palleba.wpextremezone.online\/wp-content\/uploads\/2026\/04\/image-26-300x169.png 300w, https:\/\/palleba.wpextremezone.online\/wp-content\/uploads\/2026\/04\/image-26-768x432.png 768w, https:\/\/palleba.wpextremezone.online\/wp-content\/uploads\/2026\/04\/image-26-18x10.png 18w\" sizes=\"auto, (max-width: 1000px) 100vw, 1000px\" \/><\/figure>\n\n\n\n<div style=\"background-image:url(&apos;https:\/\/palleba.wpextremezone.online\/wp-content\/uploads\/2026\/03\/ChatGPT-Image-Mar-29-2026-03_18_58-PM-24.png&apos;);background-position:72% 67%;background-size:auto;\" class=\"wp-block-group is-style-default ext-animate--on has-global-padding is-layout-constrained wp-block-group-is-layout-constrained has-background\">\n<h2 class=\"wp-block-heading has-text-align-center ext-animate--on\">Learn more about crypto taxes from <a href=\"https:\/\/koinly.io\/\" data-type=\"link\" data-id=\"https:\/\/koinly.io\/\">Koinly.io<\/a><\/h2>\n<\/div>\n<\/div>\n<\/div>\n<\/div>\n<\/div>","protected":false},"excerpt":{"rendered":"<p>Crypto Tax Support Learn more about crypto taxes from Koinly.io<\/p>","protected":false},"author":1,"featured_media":0,"parent":57,"menu_order":0,"comment_status":"closed","ping_status":"closed","template":"no-title-sticky-header","meta":{"inline_featured_image":false,"_monsterinsights_skip_tracking":false,"_monsterinsights_sitenote_active":false,"_monsterinsights_sitenote_note":"","_monsterinsights_sitenote_category":0,"footnotes":""},"class_list":["post-191","page","type-page","status-publish","hentry"],"_links":{"self":[{"href":"https:\/\/palleba.wpextremezone.online\/fo\/wp-json\/wp\/v2\/pages\/191","targetHints":{"allow":["GET"]}}],"collection":[{"href":"https:\/\/palleba.wpextremezone.online\/fo\/wp-json\/wp\/v2\/pages"}],"about":[{"href":"https:\/\/palleba.wpextremezone.online\/fo\/wp-json\/wp\/v2\/types\/page"}],"author":[{"embeddable":true,"href":"https:\/\/palleba.wpextremezone.online\/fo\/wp-json\/wp\/v2\/users\/1"}],"replies":[{"embeddable":true,"href":"https:\/\/palleba.wpextremezone.online\/fo\/wp-json\/wp\/v2\/comments?post=191"}],"version-history":[{"count":16,"href":"https:\/\/palleba.wpextremezone.online\/fo\/wp-json\/wp\/v2\/pages\/191\/revisions"}],"predecessor-version":[{"id":1246,"href":"https:\/\/palleba.wpextremezone.online\/fo\/wp-json\/wp\/v2\/pages\/191\/revisions\/1246"}],"up":[{"embeddable":true,"href":"https:\/\/palleba.wpextremezone.online\/fo\/wp-json\/wp\/v2\/pages\/57"}],"wp:attachment":[{"href":"https:\/\/palleba.wpextremezone.online\/fo\/wp-json\/wp\/v2\/media?parent=191"}],"curies":[{"name":"wp","href":"https:\/\/api.w.org\/{rel}","templated":true}]}}